{"id":6363,"date":"2025-10-16T14:43:31","date_gmt":"2025-10-16T12:43:31","guid":{"rendered":"https:\/\/a-smile.fr\/faq-2\/"},"modified":"2026-02-20T10:52:13","modified_gmt":"2026-02-20T09:52:13","slug":"faq-2","status":"publish","type":"page","link":"https:\/\/a-smile.fr\/de\/faq-2\/","title":{"rendered":"FAQ"},"content":{"rendered":"\t\t<div data-elementor-type=\"wp-page\" data-elementor-id=\"6363\" class=\"elementor elementor-6363 elementor-3407\" data-elementor-post-type=\"page\">\n\t\t\t\t<div class=\"elementor-element elementor-element-28194d3 e-con-full e-flex wpr-particle-no wpr-jarallax-no wpr-parallax-no wpr-sticky-section-no wpr-equal-height-no e-con e-parent\" data-id=\"28194d3\" data-element_type=\"container\" data-e-type=\"container\" data-settings=\"{&quot;background_background&quot;:&quot;classic&quot;}\">\n\t\t\t\t<div class=\"elementor-element elementor-element-cba0d16 elementor-widget elementor-widget-image\" data-id=\"cba0d16\" data-element_type=\"widget\" data-e-type=\"widget\" data-widget_type=\"image.default\">\n\t\t\t\t<div class=\"elementor-widget-container\">\n\t\t\t\t\t\t\t\t\t\t\t\t\t\t\t<img fetchpriority=\"high\" decoding=\"async\" data-attachment-id=\"526\" data-permalink=\"https:\/\/a-smile.fr\/de\/home-patient\/sourire1-3-2\/\" data-orig-file=\"https:\/\/a-smile.fr\/wp-content\/uploads\/2025\/06\/sourire1.png\" data-orig-size=\"2750,1166\" data-comments-opened=\"1\" data-image-meta=\"{&quot;aperture&quot;:&quot;0&quot;,&quot;credit&quot;:&quot;&quot;,&quot;camera&quot;:&quot;&quot;,&quot;caption&quot;:&quot;&quot;,&quot;created_timestamp&quot;:&quot;0&quot;,&quot;copyright&quot;:&quot;&quot;,&quot;focal_length&quot;:&quot;0&quot;,&quot;iso&quot;:&quot;0&quot;,&quot;shutter_speed&quot;:&quot;0&quot;,&quot;title&quot;:&quot;&quot;,&quot;orientation&quot;:&quot;0&quot;}\" data-image-title=\"L\u00e4cheln1\" data-image-description=\"\" data-image-caption=\"\" data-large-file=\"https:\/\/a-smile.fr\/wp-content\/uploads\/2025\/06\/sourire1-1024x434.png\" width=\"2750\" height=\"1166\" src=\"https:\/\/a-smile.fr\/wp-content\/uploads\/2025\/06\/sourire1.png\" class=\"attachment-full size-full wp-image-526\" alt=\"\" srcset=\"https:\/\/a-smile.fr\/wp-content\/uploads\/2025\/06\/sourire1.png 2750w, https:\/\/a-smile.fr\/wp-content\/uploads\/2025\/06\/sourire1-300x127.png 300w, https:\/\/a-smile.fr\/wp-content\/uploads\/2025\/06\/sourire1-1024x434.png 1024w, https:\/\/a-smile.fr\/wp-content\/uploads\/2025\/06\/sourire1-768x326.png 768w, https:\/\/a-smile.fr\/wp-content\/uploads\/2025\/06\/sourire1-1536x651.png 1536w, https:\/\/a-smile.fr\/wp-content\/uploads\/2025\/06\/sourire1-2048x868.png 2048w, https:\/\/a-smile.fr\/wp-content\/uploads\/2025\/06\/sourire1-1320x560.png 1320w, https:\/\/a-smile.fr\/wp-content\/uploads\/2025\/06\/sourire1-600x254.png 600w\" sizes=\"(max-width: 2750px) 100vw, 2750px\" data-attachment-id=\"526\" data-permalink=\"https:\/\/a-smile.fr\/de\/home-patient\/sourire1-3-2\/\" data-orig-file=\"https:\/\/a-smile.fr\/wp-content\/uploads\/2025\/06\/sourire1.png\" data-orig-size=\"2750,1166\" data-comments-opened=\"1\" data-image-meta=\"{&quot;aperture&quot;:&quot;0&quot;,&quot;credit&quot;:&quot;&quot;,&quot;camera&quot;:&quot;&quot;,&quot;caption&quot;:&quot;&quot;,&quot;created_timestamp&quot;:&quot;0&quot;,&quot;copyright&quot;:&quot;&quot;,&quot;focal_length&quot;:&quot;0&quot;,&quot;iso&quot;:&quot;0&quot;,&quot;shutter_speed&quot;:&quot;0&quot;,&quot;title&quot;:&quot;&quot;,&quot;orientation&quot;:&quot;0&quot;}\" data-image-title=\"L\u00e4cheln1\" data-image-description=\"\" data-image-caption=\"\" data-large-file=\"https:\/\/a-smile.fr\/wp-content\/uploads\/2025\/06\/sourire1-1024x434.png\" \/>\t\t\t\t\t\t\t\t\t\t\t\t\t\t\t<\/div>\n\t\t\t\t<\/div>\n\t\t\t\t<\/div>\n\t\t<div class=\"elementor-element elementor-element-dd227dc e-con-full e-flex wpr-particle-no wpr-jarallax-no wpr-parallax-no wpr-sticky-section-no wpr-equal-height-no e-con e-parent\" data-id=\"dd227dc\" data-element_type=\"container\" data-e-type=\"container\" data-settings=\"{&quot;background_background&quot;:&quot;classic&quot;}\">\n\t\t\t\t<div class=\"elementor-element elementor-element-c008113 elementor-widget elementor-widget-spacer\" data-id=\"c008113\" data-element_type=\"widget\" data-e-type=\"widget\" data-widget_type=\"spacer.default\">\n\t\t\t\t<div class=\"elementor-widget-container\">\n\t\t\t\t\t\t\t<div class=\"elementor-spacer\">\n\t\t\t<div class=\"elementor-spacer-inner\"><\/div>\n\t\t<\/div>\n\t\t\t\t\t\t<\/div>\n\t\t\t\t<\/div>\n\t\t\t\t<div class=\"elementor-element elementor-element-1149abd elementor-widget elementor-widget-image\" data-id=\"1149abd\" data-element_type=\"widget\" data-e-type=\"widget\" data-widget_type=\"image.default\">\n\t\t\t\t<div class=\"elementor-widget-container\">\n\t\t\t\t\t\t\t\t\t\t\t\t\t\t\t<img decoding=\"async\" data-attachment-id=\"544\" data-permalink=\"https:\/\/a-smile.fr\/de\/home-patient\/logo1white-2\/\" data-orig-file=\"https:\/\/a-smile.fr\/wp-content\/uploads\/2025\/06\/logo1white.png\" data-orig-size=\"598,154\" data-comments-opened=\"1\" data-image-meta=\"{&quot;aperture&quot;:&quot;0&quot;,&quot;credit&quot;:&quot;&quot;,&quot;camera&quot;:&quot;&quot;,&quot;caption&quot;:&quot;&quot;,&quot;created_timestamp&quot;:&quot;0&quot;,&quot;copyright&quot;:&quot;&quot;,&quot;focal_length&quot;:&quot;0&quot;,&quot;iso&quot;:&quot;0&quot;,&quot;shutter_speed&quot;:&quot;0&quot;,&quot;title&quot;:&quot;&quot;,&quot;orientation&quot;:&quot;0&quot;}\" data-image-title=\"logo1white\" data-image-description=\"\" data-image-caption=\"\" data-large-file=\"https:\/\/a-smile.fr\/wp-content\/uploads\/2025\/06\/logo1white.png\" width=\"598\" height=\"154\" src=\"https:\/\/a-smile.fr\/wp-content\/uploads\/2025\/06\/logo1white.png\" class=\"attachment-full size-full wp-image-544\" alt=\"\" srcset=\"https:\/\/a-smile.fr\/wp-content\/uploads\/2025\/06\/logo1white.png 598w, https:\/\/a-smile.fr\/wp-content\/uploads\/2025\/06\/logo1white-300x77.png 300w\" sizes=\"(max-width: 598px) 100vw, 598px\" data-attachment-id=\"544\" data-permalink=\"https:\/\/a-smile.fr\/de\/home-patient\/logo1white-2\/\" data-orig-file=\"https:\/\/a-smile.fr\/wp-content\/uploads\/2025\/06\/logo1white.png\" data-orig-size=\"598,154\" data-comments-opened=\"1\" data-image-meta=\"{&quot;aperture&quot;:&quot;0&quot;,&quot;credit&quot;:&quot;&quot;,&quot;camera&quot;:&quot;&quot;,&quot;caption&quot;:&quot;&quot;,&quot;created_timestamp&quot;:&quot;0&quot;,&quot;copyright&quot;:&quot;&quot;,&quot;focal_length&quot;:&quot;0&quot;,&quot;iso&quot;:&quot;0&quot;,&quot;shutter_speed&quot;:&quot;0&quot;,&quot;title&quot;:&quot;&quot;,&quot;orientation&quot;:&quot;0&quot;}\" data-image-title=\"logo1white\" data-image-description=\"\" data-image-caption=\"\" data-large-file=\"https:\/\/a-smile.fr\/wp-content\/uploads\/2025\/06\/logo1white.png\" \/>\t\t\t\t\t\t\t\t\t\t\t\t\t\t\t<\/div>\n\t\t\t\t<\/div>\n\t\t\t\t<\/div>\n\t\t<div class=\"elementor-element elementor-element-a07219f e-flex e-con-boxed wpr-particle-no wpr-jarallax-no wpr-parallax-no wpr-sticky-section-no wpr-equal-height-no e-con e-parent\" data-id=\"a07219f\" data-element_type=\"container\" data-e-type=\"container\" data-settings=\"{&quot;background_background&quot;:&quot;classic&quot;}\">\n\t\t\t\t\t<div class=\"e-con-inner\">\n\t\t\t\t<div class=\"elementor-element elementor-element-b4671ec elementor-widget elementor-widget-spacer\" data-id=\"b4671ec\" data-element_type=\"widget\" data-e-type=\"widget\" data-widget_type=\"spacer.default\">\n\t\t\t\t<div class=\"elementor-widget-container\">\n\t\t\t\t\t\t\t<div class=\"elementor-spacer\">\n\t\t\t<div class=\"elementor-spacer-inner\"><\/div>\n\t\t<\/div>\n\t\t\t\t\t\t<\/div>\n\t\t\t\t<\/div>\n\t\t\t\t<div class=\"elementor-element elementor-element-ca0354b elementor-widget elementor-widget-text-editor\" data-id=\"ca0354b\" data-element_type=\"widget\" data-e-type=\"widget\" data-widget_type=\"text-editor.default\">\n\t\t\t\t<div class=\"elementor-widget-container\">\n\t\t\t\t\t\t\t\t\t<h2>Was bedeuten CP und HP?<\/h2>\n<div class=\"ewa-rteLine\">CP steht f\u00fcr Carbamidperoxid, HP f\u00fcr Wasserstoffperoxid.<\/div>\n<div class=\"ewa-rteLine\">Carbamidperoxid setzt weniger aktiven Sauerstoff frei als Wasserstoffperoxid. Es erm\u00f6glicht somit eine sanfte, schrittweise Zahnaufhellung. <\/div><div class=\"ewa-rteLine\"><br><\/div>\n<div>&nbsp;<\/div>\n<h2>Welche Konzentration empfehlen Sie f\u00fcr das Tragen in der Nacht?<\/h2>\n<div class=\"ewa-rteLine\">A smile CP 10 % ist der Ma\u00dfstab f\u00fcr die n\u00e4chtliche Zahnaufhellung.<\/div>\n<div class=\"ewa-rteLine\">Seine Wirksamkeit, Vertr\u00e4glichkeit und langsame Sauerstofffreisetzung machen es zur komfortabelsten L\u00f6sung f\u00fcr eine schrittweise und sichere Zahnaufhellung.<br><br><\/div>\n<div>&nbsp;<\/div>\n<h2><span style=\"color: inherit; font-size: 19px; text-transform: uppercase;\">Wie lange dauert eine klassische Zahnaufhellung durchschnittlich?<\/span><\/h2>\n<p>Bei \u201eklassischen\u201c Hautverf\u00e4rbungen (bedingte durch Alter oder Ern\u00e4hrungsgewohnheiten) sollten Sie 7 bis 10 N\u00e4chte mit CP 10 % oder 1 Stunde pro Tag \u00fcber 7 bis 10 Tage mit CP 16 % einplanen.<\/p>\n<h2><br><\/h2>\n<h2>Sollten in den Zahnchienen Auffangbeh\u00e4lter angebracht werden?<\/h2>\n<p>Ja. Die Reservoirs sorgen f\u00fcr eine bessere Verteilung des Gels, einen stabilen Halt und eine erh\u00f6hte Wirksamkeit auf den vestibul\u00e4ren Oberfl\u00e4chen. <\/p>\n<p><\/p>\n<h2><br><\/h2>\n<h2>Wie viel Gel wird f\u00fcr einen vollst\u00e4ndigen Fall ben\u00f6tigt?<\/h2>\n<p>Im Durchschnitt werden f\u00fcr eine vollst\u00e4ndige Behandlung, bei der beide Zahnb\u00f6gen abgedeckt werden, 15 ml Gel (d. h. 5 Spritzen \u00e0 3 ml) ben\u00f6tigt. Diese Menge kann je nach Schweregrad der Verf\u00e4rbung variieren. <\/p>\n<p><\/p>\n<h2><br><\/h2>\n<h2>Kann man einen Patienten mit empfindlichen Z\u00e4hnen behandeln?<\/h2>\n<p>Ja, vorausgesetzt, dass sie vorher desensibilisiert werden (z. B. mit einem Desensibilisierungsmittel oder einer speziellen Zahnpasta) und die Anwendungsh\u00e4ufigkeit angepasst wird (z. B. jede zweite Nacht).<\/p>\n<p><\/p>\n<h2><br><\/h2>\n<h2>K\u00f6nnen A Smile-Gele den Zahnschmelz angreifen?<\/h2>\n<div class=\"ewa-rteLine\">Wie bei jedem Zahnaufhellungssystem k\u00f6nnen oberfl\u00e4chliche, geringf\u00fcgige und reversible Ver\u00e4nderungen auftreten. Diese sind jedoch geringer als die durch bestimmte s\u00e4urehaltige oder abrasive Lebensmittel verursachten Ver\u00e4nderungen. <\/div>\n<div class=\"ewa-rteLine\">A smile enth\u00e4lt Fluorid und Kaliumnitrat, wodurch diese Ph\u00e4nomene begrenzt werden. Dar\u00fcber hinaus sch\u00fctzt der nahezu neutrale pH-Wert der A smile-Gele den Zahnschmelz vor iatrogenen Ver\u00e4nderungen. <\/div>\n<div>&nbsp;<\/div>\n<div>&nbsp;<\/div>\n<h2>Was tun, wenn der Patient nach 4 N\u00e4chten keine Ergebnisse feststellt?<\/h2>\n<div class=\"ewa-rteLine\">Die Dauer bis zum Eintreten der Ergebnisse variiert je nach Empfindlichkeit der Z\u00e4hne, Art der Verf\u00e4rbung (graue Verf\u00e4rbungen lassen sich langsamer behandeln) oder der verwendeten Gelmenge.<\/div>\n<div class=\"ewa-rteLine\">Im Allgemeinen tritt das Ergebnis mit fortschreitender Zahnaufhellung ein.<\/div>\n<div>&nbsp;<\/div>\n<div>&nbsp;<\/div>\n<h2>Wie lange sind die Ergebnisse stabil?<\/h2>\n<div class=\"ewa-rteLine\">Im Durchschnitt 2 bis 5 Jahre, abh\u00e4ngig von der Hygiene, den Ern\u00e4hrungsgewohnheiten (Farbstoffe, Kaffee, Rotwein) und dem Tabakkonsum.<\/div>\n<div class=\"ewa-rteLine\">Eine Zahnaufhellung kann gelegentlich mit Hilfe von Nachf\u00fcllpackungen angeboten werden.<\/div>\n<div>&nbsp;<\/div>\n<div>&nbsp;<\/div>\n<h2>Besteht die Gefahr einer allergischen Reaktion?<\/h2>\n<p>Allergische Reaktionen sind sehr selten. Bei Zahnfleischreizungen reicht es aus, die Zahnaufhellung vor\u00fcbergehend zu unterbrechen, gr\u00fcndlich zu sp\u00fclen und die Schiene neu anzupassen. <\/p>\t\t\t\t\t\t\t\t<\/div>\n\t\t\t\t<\/div>\n\t\t\t\t\t<\/div>\n\t\t\t\t<\/div>\n\t\t\t\t<\/div>\n\t\t\n    <div class=\"xs_social_share_widget xs_share_url after_content \t\tmain_content  wslu-style-1 wslu-share-box-shaped wslu-fill-colored wslu-none wslu-share-horizontal wslu-theme-font-no wslu-main_content\">\n\n\t\t\n        <ul>\n\t\t\t        <\/ul>\n    <\/div> \n","protected":false},"excerpt":{"rendered":"<p>Was bedeuten CP und HP? CP steht f\u00fcr Carbamidperoxid, HP f\u00fcr Wasserstoffperoxid. Carbamidperoxid setzt weniger aktiven Sauerstoff frei als Wasserstoffperoxid. Es erm\u00f6glicht somit eine sanfte, schrittweise Zahnaufhellung. &nbsp; Welche Konzentration empfehlen Sie f\u00fcr das Tragen in der Nacht? A smile CP 10 % ist der Ma\u00dfstab f\u00fcr die n\u00e4chtliche Zahnaufhellung. Seine Wirksamkeit, Vertr\u00e4glichkeit und langsame Sauerstofffreisetzung machen es zur komfortabelsten L\u00f6sung f\u00fcr eine schrittweise und sichere Zahnaufhellung. &nbsp; Wie lange dauert eine klassische Zahnaufhellung durchschnittlich? Bei \u201eklassischen\u201c Hautverf\u00e4rbungen (bedingte durch Alter oder Ern\u00e4hrungsgewohnheiten) sollten Sie 7 bis 10 N\u00e4chte mit CP 10 % oder 1 Stunde pro Tag \u00fcber 7 bis 10 Tage mit CP 16 % einplanen. Sollten in den Zahnchienen Auffangbeh\u00e4lter angebracht werden? Ja. Die Reservoirs sorgen f\u00fcr eine bessere Verteilung des Gels, einen stabilen Halt und eine erh\u00f6hte Wirksamkeit auf den vestibul\u00e4ren Oberfl\u00e4chen. Wie viel Gel wird f\u00fcr einen vollst\u00e4ndigen Fall ben\u00f6tigt? Im Durchschnitt werden f\u00fcr eine vollst\u00e4ndige Behandlung, bei der beide Zahnb\u00f6gen abgedeckt werden, 15 ml Gel (d. h. 5 Spritzen \u00e0 3 ml) ben\u00f6tigt. Diese Menge kann je nach Schweregrad der Verf\u00e4rbung variieren. Kann man einen Patienten mit empfindlichen Z\u00e4hnen behandeln? Ja, vorausgesetzt, dass sie vorher desensibilisiert werden (z. B. mit einem Desensibilisierungsmittel oder einer speziellen Zahnpasta) und die Anwendungsh\u00e4ufigkeit angepasst wird (z. B. jede zweite Nacht). K\u00f6nnen A Smile-Gele den Zahnschmelz angreifen? Wie bei jedem Zahnaufhellungssystem k\u00f6nnen oberfl\u00e4chliche, geringf\u00fcgige und reversible Ver\u00e4nderungen auftreten. Diese sind jedoch geringer als die durch bestimmte s\u00e4urehaltige oder abrasive Lebensmittel verursachten Ver\u00e4nderungen. A smile enth\u00e4lt Fluorid und Kaliumnitrat, wodurch diese Ph\u00e4nomene begrenzt werden. Dar\u00fcber hinaus sch\u00fctzt der nahezu neutrale pH-Wert der A smile-Gele den Zahnschmelz vor iatrogenen Ver\u00e4nderungen. &nbsp; &nbsp; Was tun, wenn der Patient nach 4 N\u00e4chten keine Ergebnisse feststellt? Die Dauer bis zum Eintreten der Ergebnisse variiert je nach Empfindlichkeit der Z\u00e4hne, Art der Verf\u00e4rbung (graue Verf\u00e4rbungen lassen sich langsamer behandeln) oder der verwendeten Gelmenge. Im Allgemeinen tritt das Ergebnis mit fortschreitender Zahnaufhellung ein. &nbsp; &nbsp; Wie lange sind die Ergebnisse stabil? Im Durchschnitt 2 bis 5 Jahre, abh\u00e4ngig von der Hygiene, den Ern\u00e4hrungsgewohnheiten (Farbstoffe, Kaffee, Rotwein) und dem Tabakkonsum. Eine Zahnaufhellung kann gelegentlich mit Hilfe von Nachf\u00fcllpackungen angeboten werden. &nbsp; &nbsp; Besteht die Gefahr einer allergischen Reaktion? Allergische Reaktionen sind sehr selten. Bei Zahnfleischreizungen reicht es aus, die Zahnaufhellung vor\u00fcbergehend zu unterbrechen, gr\u00fcndlich zu sp\u00fclen und die Schiene neu anzupassen.<\/p>\n","protected":false},"author":142930821,"featured_media":0,"parent":0,"menu_order":0,"comment_status":"closed","ping_status":"closed","template":"elementor_canvas","meta":{"_crdt_document":"","_uag_custom_page_level_css":"","advanced_seo_description":"","jetpack_seo_html_title":"","jetpack_seo_noindex":false,"footnotes":"","big_sky_generated":false},"class_list":["post-6363","page","type-page","status-publish","hentry"],"uagb_featured_image_src":{"full":false,"thumbnail":false,"medium":false,"medium_large":false,"large":false,"1536x1536":false,"2048x2048":false,"newspack-article-block-landscape-large":false,"newspack-article-block-portrait-large":false,"newspack-article-block-square-large":false,"newspack-article-block-landscape-medium":false,"newspack-article-block-portrait-medium":false,"newspack-article-block-square-medium":false,"newspack-article-block-landscape-intermediate":false,"newspack-article-block-portrait-intermediate":false,"newspack-article-block-square-intermediate":false,"newspack-article-block-landscape-small":false,"newspack-article-block-portrait-small":false,"newspack-article-block-square-small":false,"newspack-article-block-landscape-tiny":false,"newspack-article-block-portrait-tiny":false,"newspack-article-block-square-tiny":false,"newspack-article-block-uncropped":false,"mailpoet_newsletter_max":false,"woocommerce_thumbnail":false,"woocommerce_single":false,"woocommerce_gallery_thumbnail":false},"uagb_author_info":{"display_name":"Fr\u00e9d\u00e9ric CARLON","author_link":"https:\/\/a-smile.fr\/de\/author\/fred\/"},"uagb_comment_info":0,"uagb_excerpt":"Was bedeuten CP und HP? CP steht f\u00fcr Carbamidperoxid, HP f\u00fcr Wasserstoffperoxid. Carbamidperoxid setzt weniger aktiven Sauerstoff frei als Wasserstoffperoxid. Es erm\u00f6glicht somit eine sanfte, schrittweise Zahnaufhellung. &nbsp; Welche Konzentration empfehlen Sie f\u00fcr das Tragen in der Nacht? A smile CP 10 % ist der Ma\u00dfstab f\u00fcr die n\u00e4chtliche Zahnaufhellung. Seine Wirksamkeit, Vertr\u00e4glichkeit und langsame&hellip;","jetpack_sharing_enabled":true,"jetpack_likes_enabled":true,"jetpack_shortlink":"https:\/\/wp.me\/PgxWRl-1ED","_links":{"self":[{"href":"https:\/\/a-smile.fr\/de\/wp-json\/wp\/v2\/pages\/6363","targetHints":{"allow":["GET"]}}],"collection":[{"href":"https:\/\/a-smile.fr\/de\/wp-json\/wp\/v2\/pages"}],"about":[{"href":"https:\/\/a-smile.fr\/de\/wp-json\/wp\/v2\/types\/page"}],"author":[{"embeddable":true,"href":"https:\/\/a-smile.fr\/de\/wp-json\/wp\/v2\/users\/142930821"}],"replies":[{"embeddable":true,"href":"https:\/\/a-smile.fr\/de\/wp-json\/wp\/v2\/comments?post=6363"}],"version-history":[{"count":2,"href":"https:\/\/a-smile.fr\/de\/wp-json\/wp\/v2\/pages\/6363\/revisions"}],"predecessor-version":[{"id":6365,"href":"https:\/\/a-smile.fr\/de\/wp-json\/wp\/v2\/pages\/6363\/revisions\/6365"}],"wp:attachment":[{"href":"https:\/\/a-smile.fr\/de\/wp-json\/wp\/v2\/media?parent=6363"}],"curies":[{"name":"wp","href":"https:\/\/api.w.org\/{rel}","templated":true}]}}